{"id":68,"date":"2025-12-04T12:04:49","date_gmt":"2025-12-04T12:04:49","guid":{"rendered":"https:\/\/www.yasarelektronik.net\/index.php\/front_page\/"},"modified":"2026-04-24T11:17:59","modified_gmt":"2026-04-24T08:17:59","slug":"anasayfa","status":"publish","type":"page","link":"https:\/\/www.yasarelektronik.net\/","title":{"rendered":"Anasayfa"},"content":{"rendered":"\n\n\n\n\n\n\n\n\n\n\n\n\n\n\n\n\n\n\n\n\n\n\n\n\n\n\n\n\n\n\n\n\n\n","protected":false},"excerpt":{"rendered":"","protected":false},"author":1,"featured_media":0,"parent":0,"menu_order":0,"comment_status":"closed","ping_status":"closed","template":"","meta":{"saved_in_kubio":true,"footnotes":""},"class_list":["post-68","page","type-page","status-publish","hentry"],"kubio_ai_page_context":{"short_desc":"","purpose":"general"},"yoast_head":"<!-- This site is optimized with the Yoast SEO plugin v27.4 - https:\/\/yoast.com\/product\/yoast-seo-wordpress\/ -->\n<title>Anasayfa - Ya\u015far Elektronik<\/title>\n<meta name=\"robots\" content=\"index, follow, max-snippet:-1, max-image-preview:large, max-video-preview:-1\" \/>\n<link rel=\"canonical\" href=\"https:\/\/www.yasarelektronik.net\/\" \/>\n<meta property=\"og:locale\" content=\"tr_TR\" \/>\n<meta property=\"og:type\" content=\"article\" \/>\n<meta property=\"og:title\" content=\"Anasayfa - Ya\u015far Elektronik\" \/>\n<meta property=\"og:url\" content=\"https:\/\/www.yasarelektronik.net\/\" \/>\n<meta property=\"og:site_name\" content=\"Ya\u015far Elektronik\" \/>\n<meta property=\"article:modified_time\" content=\"2026-04-24T08:17:59+00:00\" \/>\n<meta name=\"twitter:card\" content=\"summary_large_image\" \/>\n<meta name=\"twitter:label1\" content=\"Tahmini okuma s\u00fcresi\" \/>\n\t<meta name=\"twitter:data1\" content=\"2 dakika\" \/>\n<script type=\"application\/ld+json\" class=\"yoast-schema-graph\">{\"@context\":\"https:\\\/\\\/schema.org\",\"@graph\":[{\"@type\":\"WebPage\",\"@id\":\"https:\\\/\\\/www.yasarelektronik.net\\\/\",\"url\":\"https:\\\/\\\/www.yasarelektronik.net\\\/\",\"name\":\"Anasayfa - Ya\u015far Elektronik\",\"isPartOf\":{\"@id\":\"https:\\\/\\\/www.yasarelektronik.net\\\/#website\"},\"datePublished\":\"2025-12-04T12:04:49+00:00\",\"dateModified\":\"2026-04-24T08:17:59+00:00\",\"breadcrumb\":{\"@id\":\"https:\\\/\\\/www.yasarelektronik.net\\\/#breadcrumb\"},\"inLanguage\":\"tr\",\"potentialAction\":[{\"@type\":\"ReadAction\",\"target\":[\"https:\\\/\\\/www.yasarelektronik.net\\\/\"]}]},{\"@type\":\"BreadcrumbList\",\"@id\":\"https:\\\/\\\/www.yasarelektronik.net\\\/#breadcrumb\",\"itemListElement\":[{\"@type\":\"ListItem\",\"position\":1,\"name\":\"Anasayfa\",\"item\":\"https:\\\/\\\/www.yasarelektronik.net\\\/\"},{\"@type\":\"ListItem\",\"position\":2,\"name\":\"Anasayfa\"}]},{\"@type\":\"WebSite\",\"@id\":\"https:\\\/\\\/www.yasarelektronik.net\\\/#website\",\"url\":\"https:\\\/\\\/www.yasarelektronik.net\\\/\",\"name\":\"Ya\u015far Elektronik\",\"description\":\"Elektronikte \u00c7\u00f6z\u00fcm Orta\u011f\u0131n\u0131z\",\"publisher\":{\"@id\":\"https:\\\/\\\/www.yasarelektronik.net\\\/#organization\"},\"potentialAction\":[{\"@type\":\"SearchAction\",\"target\":{\"@type\":\"EntryPoint\",\"urlTemplate\":\"https:\\\/\\\/www.yasarelektronik.net\\\/?s={search_term_string}\"},\"query-input\":{\"@type\":\"PropertyValueSpecification\",\"valueRequired\":true,\"valueName\":\"search_term_string\"}}],\"inLanguage\":\"tr\"},{\"@type\":\"Organization\",\"@id\":\"https:\\\/\\\/www.yasarelektronik.net\\\/#organization\",\"name\":\"Ya\u015far Elektronik\",\"url\":\"https:\\\/\\\/www.yasarelektronik.net\\\/\",\"logo\":{\"@type\":\"ImageObject\",\"inLanguage\":\"tr\",\"@id\":\"https:\\\/\\\/www.yasarelektronik.net\\\/#\\\/schema\\\/logo\\\/image\\\/\",\"url\":\"https:\\\/\\\/www.yasarelektronik.net\\\/wp-content\\\/uploads\\\/2025\\\/12\\\/ye-koyu-logo.png\",\"contentUrl\":\"https:\\\/\\\/www.yasarelektronik.net\\\/wp-content\\\/uploads\\\/2025\\\/12\\\/ye-koyu-logo.png\",\"width\":439,\"height\":312,\"caption\":\"Ya\u015far Elektronik\"},\"image\":{\"@id\":\"https:\\\/\\\/www.yasarelektronik.net\\\/#\\\/schema\\\/logo\\\/image\\\/\"}}]}<\/script>\n<!-- \/ Yoast SEO plugin. -->","yoast_head_json":{"title":"Anasayfa - Ya\u015far Elektronik","robots":{"index":"index","follow":"follow","max-snippet":"max-snippet:-1","max-image-preview":"max-image-preview:large","max-video-preview":"max-video-preview:-1"},"canonical":"https:\/\/www.yasarelektronik.net\/","og_locale":"tr_TR","og_type":"article","og_title":"Anasayfa - Ya\u015far Elektronik","og_url":"https:\/\/www.yasarelektronik.net\/","og_site_name":"Ya\u015far Elektronik","article_modified_time":"2026-04-24T08:17:59+00:00","twitter_card":"summary_large_image","twitter_misc":{"Tahmini okuma s\u00fcresi":"2 dakika"},"schema":{"@context":"https:\/\/schema.org","@graph":[{"@type":"WebPage","@id":"https:\/\/www.yasarelektronik.net\/","url":"https:\/\/www.yasarelektronik.net\/","name":"Anasayfa - Ya\u015far Elektronik","isPartOf":{"@id":"https:\/\/www.yasarelektronik.net\/#website"},"datePublished":"2025-12-04T12:04:49+00:00","dateModified":"2026-04-24T08:17:59+00:00","breadcrumb":{"@id":"https:\/\/www.yasarelektronik.net\/#breadcrumb"},"inLanguage":"tr","potentialAction":[{"@type":"ReadAction","target":["https:\/\/www.yasarelektronik.net\/"]}]},{"@type":"BreadcrumbList","@id":"https:\/\/www.yasarelektronik.net\/#breadcrumb","itemListElement":[{"@type":"ListItem","position":1,"name":"Anasayfa","item":"https:\/\/www.yasarelektronik.net\/"},{"@type":"ListItem","position":2,"name":"Anasayfa"}]},{"@type":"WebSite","@id":"https:\/\/www.yasarelektronik.net\/#website","url":"https:\/\/www.yasarelektronik.net\/","name":"Ya\u015far Elektronik","description":"Elektronikte \u00c7\u00f6z\u00fcm Orta\u011f\u0131n\u0131z","publisher":{"@id":"https:\/\/www.yasarelektronik.net\/#organization"},"potentialAction":[{"@type":"SearchAction","target":{"@type":"EntryPoint","urlTemplate":"https:\/\/www.yasarelektronik.net\/?s={search_term_string}"},"query-input":{"@type":"PropertyValueSpecification","valueRequired":true,"valueName":"search_term_string"}}],"inLanguage":"tr"},{"@type":"Organization","@id":"https:\/\/www.yasarelektronik.net\/#organization","name":"Ya\u015far Elektronik","url":"https:\/\/www.yasarelektronik.net\/","logo":{"@type":"ImageObject","inLanguage":"tr","@id":"https:\/\/www.yasarelektronik.net\/#\/schema\/logo\/image\/","url":"https:\/\/www.yasarelektronik.net\/wp-content\/uploads\/2025\/12\/ye-koyu-logo.png","contentUrl":"https:\/\/www.yasarelektronik.net\/wp-content\/uploads\/2025\/12\/ye-koyu-logo.png","width":439,"height":312,"caption":"Ya\u015far Elektronik"},"image":{"@id":"https:\/\/www.yasarelektronik.net\/#\/schema\/logo\/image\/"}}]}},"_links":{"self":[{"href":"https:\/\/www.yasarelektronik.net\/index.php\/wp-json\/wp\/v2\/pages\/68","targetHints":{"allow":["GET"]}}],"collection":[{"href":"https:\/\/www.yasarelektronik.net\/index.php\/wp-json\/wp\/v2\/pages"}],"about":[{"href":"https:\/\/www.yasarelektronik.net\/index.php\/wp-json\/wp\/v2\/types\/page"}],"author":[{"embeddable":true,"href":"https:\/\/www.yasarelektronik.net\/index.php\/wp-json\/wp\/v2\/users\/1"}],"replies":[{"embeddable":true,"href":"https:\/\/www.yasarelektronik.net\/index.php\/wp-json\/wp\/v2\/comments?post=68"}],"version-history":[{"count":172,"href":"https:\/\/www.yasarelektronik.net\/index.php\/wp-json\/wp\/v2\/pages\/68\/revisions"}],"predecessor-version":[{"id":659,"href":"https:\/\/www.yasarelektronik.net\/index.php\/wp-json\/wp\/v2\/pages\/68\/revisions\/659"}],"wp:attachment":[{"href":"https:\/\/www.yasarelektronik.net\/index.php\/wp-json\/wp\/v2\/media?parent=68"}],"curies":[{"name":"wp","href":"https:\/\/api.w.org\/{rel}","templated":true}]}}